{"id":333,"date":"2023-12-01T08:05:11","date_gmt":"2023-12-01T08:05:11","guid":{"rendered":"https:\/\/medcontrol.es\/?page_id=333"},"modified":"2023-12-03T15:26:15","modified_gmt":"2023-12-03T15:26:15","slug":"remove-user-data","status":"publish","type":"page","link":"https:\/\/medcontrol.es\/en\/remove-user-data\/","title":{"rendered":"Request for data deletion"},"content":{"rendered":"<style id=\"wpforms-css-vars-root\">\n\t\t\t\t:root {\n\t\t\t\t\t--wpforms-field-border-radius: 3px;\n--wpforms-field-background-color: #ffffff;\n--wpforms-field-border-color: rgba( 0, 0, 0, 0.25 );\n--wpforms-field-text-color: rgba( 0, 0, 0, 0.7 );\n--wpforms-label-color: rgba( 0, 0, 0, 0.85 );\n--wpforms-label-sublabel-color: rgba( 0, 0, 0, 0.55 );\n--wpforms-label-error-color: #d63637;\n--wpforms-button-border-radius: 3px;\n--wpforms-button-background-color: #066aab;\n--wpforms-button-text-color: #ffffff;\n--wpforms-field-size-input-height: 43px;\n--wpforms-field-size-input-spacing: 15px;\n--wpforms-field-size-font-size: 16px;\n--wpforms-field-size-line-height: 19px;\n--wpforms-field-size-padding-h: 14px;\n--wpforms-field-size-checkbox-size: 16px;\n--wpforms-field-size-sublabel-spacing: 5px;\n--wpforms-field-size-icon-size: 1;\n--wpforms-label-size-font-size: 16px;\n--wpforms-label-size-line-height: 19px;\n--wpforms-label-size-sublabel-font-size: 14px;\n--wpforms-label-size-sublabel-line-height: 17px;\n--wpforms-button-size-font-size: 17px;\n--wpforms-button-size-height: 41px;\n--wpforms-button-size-padding-h: 15px;\n--wpforms-button-size-margin-top: 10px;\n\n\t\t\t\t}\n\t\t\t<\/style><style id=\"wpforms-css-vars-330-block-5997803c-25f6-4111-8368-de7c5cb31299\">\n\t\t\t\t#wpforms-330.wpforms-block-5997803c-25f6-4111-8368-de7c5cb31299 {\n\t\t\t\t\t--wpforms-field-size-input-height: 50px;\n--wpforms-field-size-input-spacing: 20px;\n--wpforms-field-size-font-size: 18px;\n--wpforms-field-size-line-height: 21px;\n--wpforms-field-size-padding-h: 14px;\n--wpforms-field-size-checkbox-size: 18px;\n--wpforms-field-size-sublabel-spacing: 10px;\n--wpforms-field-size-icon-size: 1.25;\n\n\t\t\t\t}\n\t\t\t<\/style><div class=\"wpforms-container wpforms-container-full wpforms-block wpforms-block-5997803c-25f6-4111-8368-de7c5cb31299 wpforms-render-modern\" id=\"wpforms-330\"><form id=\"wpforms-form-330\" class=\"wpforms-validate wpforms-form wpforms-ajax-form\" data-formid=\"330\" method=\"post\" enctype=\"multipart\/form-data\" action=\"\/en\/wp-json\/wp\/v2\/pages\/333\" data-token=\"e027448a1b6ad7c76f4cac1e17f6f81b\" data-trp-original-action=\"\/en\/wp-json\/wp\/v2\/pages\/333\"><div class=\"wpforms-head-container\"><div class=\"wpforms-title\">Request for data deletion <\/div><div class=\"wpforms-description\">Request form to delete data in the MedControl application: My Medical Control. Remember that you can carry out this process automatically within the application itself in My Profile &gt; Access and security &gt; \"Delete user\" button<\/div><\/div><noscript class=\"wpforms-error-noscript\">Please enable JavaScript in your browser to complete this form.<\/noscript><div class=\"wpforms-hidden\" id=\"wpforms-error-noscript\">Please enable JavaScript in your browser to complete this form.<\/div><div class=\"wpforms-field-container\"><div id=\"wpforms-330-field_1-container\" class=\"wpforms-field wpforms-field-name\" data-field-id=\"1\"><fieldset><legend class=\"wpforms-field-label\">Name<\/legend><div class=\"wpforms-field-row wpforms-field-medium\"><div class=\"wpforms-field-row-block wpforms-first wpforms-one-half\"><input type=\"text\" id=\"wpforms-330-field_1\" class=\"wpforms-field-name-first\" name=\"wpforms[fields][1][first]\" aria-errormessage=\"wpforms-330-field_1-error\" ><label for=\"wpforms-330-field_1\" class=\"wpforms-field-sublabel after\">First<\/label><\/div><div class=\"wpforms-field-row-block wpforms-one-half\"><input type=\"text\" id=\"wpforms-330-field_1-last\" class=\"wpforms-field-name-last\" name=\"wpforms[fields][1][last]\" aria-errormessage=\"wpforms-330-field_1-last-error\" ><label for=\"wpforms-330-field_1-last\" class=\"wpforms-field-sublabel after\">Last<\/label><\/div><\/div><\/fieldset><\/div><div id=\"wpforms-330-field_2-container\" class=\"wpforms-field wpforms-field-email\" data-field-id=\"2\"><fieldset><legend class=\"wpforms-field-label\">Email <span class=\"wpforms-required-label\" aria-hidden=\"true\">*<\/span><\/legend><div class=\"wpforms-field-row wpforms-field-medium\"><div class=\"wpforms-field-row-block wpforms-one-half wpforms-first\"><input type=\"email\" id=\"wpforms-330-field_2\" class=\"wpforms-field-required wpforms-field-email-primary\" name=\"wpforms[fields][2][primary]\" spellcheck=\"false\" aria-errormessage=\"wpforms-330-field_2-error\" required><label for=\"wpforms-330-field_2\" class=\"wpforms-field-sublabel after\">Email<\/label><\/div><div class=\"wpforms-field-row-block wpforms-one-half\"><input type=\"email\" id=\"wpforms-330-field_2-secondary\" class=\"wpforms-field-email-secondary wpforms-field-required\" data-rule-confirm=\"#wpforms-330-field_2\" name=\"wpforms[fields][2][secondary]\" spellcheck=\"false\" aria-errormessage=\"wpforms-330-field_2-secondary-error\" required><label for=\"wpforms-330-field_2-secondary\" class=\"wpforms-field-sublabel after\">Confirm Email<\/label><\/div><\/div><\/fieldset><\/div><div id=\"wpforms-330-field_3-container\" class=\"wpforms-field wpforms-field-checkbox\" data-field-id=\"3\"><fieldset><legend class=\"wpforms-field-label\">Data deletion policy <span class=\"wpforms-required-label\" aria-hidden=\"true\">*<\/span><\/legend><ul id=\"wpforms-330-field_3\" class=\"wpforms-field-required\"><li class=\"choice-1 depth-1\"><input type=\"checkbox\" id=\"wpforms-330-field_3_1\" name=\"wpforms[fields][3][]\" value=\"Acepto que se eliminen todos mis datos y cuenta de MedControl. La informaci\u00f3n no se puede recuperar una vez eliminada.\" aria-errormessage=\"wpforms-330-field_3_1-error\" required><label class=\"wpforms-field-label-inline\" for=\"wpforms-330-field_3_1\">I agree to the deletion of all my data and MedControl account. Information cannot be recovered once deleted.<\/label><\/li><\/ul><\/fieldset><\/div><\/div><!-- .wpforms-field-container --><input type=\"hidden\" name=\"wpforms[recaptcha]\" value=\"\"><div class=\"wpforms-submit-container\" ><input type=\"hidden\" name=\"wpforms[id]\" value=\"330\"><input type=\"hidden\" name=\"wpforms[author]\" value=\"1\"><button type=\"submit\" name=\"wpforms[submit]\" id=\"wpforms-submit-330\" class=\"wpforms-submit\" data-alt-text=\"Sending...\" data-submit-text=\"Enviar\" aria-live=\"assertive\" value=\"wpforms-submit\">Submit<\/button><img decoding=\"async\" src=\"https:\/\/medcontrol.es\/wp-content\/plugins\/wpforms-lite\/assets\/images\/submit-spin.svg\" class=\"wpforms-submit-spinner\" style=\"display: none;\" width=\"26\" height=\"26\" alt=\"Loading\"><\/div><input type=\"hidden\" name=\"trp-form-language\" value=\"en\"\/><\/form><\/div>  <!-- .wpforms-container -->\n\n\n<div class=\"wp-block-group alignfull is-layout-constrained wp-block-group-is-layout-constrained\" style=\"border-style:none;border-width:0px\"><\/div>","protected":false},"excerpt":{"rendered":"","protected":false},"author":1,"featured_media":0,"parent":0,"menu_order":0,"comment_status":"closed","ping_status":"closed","template":"","meta":{"site-sidebar-layout":"default","site-content-layout":"","ast-site-content-layout":"","site-content-style":"default","site-sidebar-style":"default","ast-global-header-display":"","ast-banner-title-visibility":"","ast-main-header-display":"","ast-hfb-above-header-display":"","ast-hfb-below-header-display":"","ast-hfb-mobile-header-display":"","site-post-title":"disabled","ast-breadcrumbs-content":"","ast-featured-img":"","footer-sml-layout":"","theme-transparent-header-meta":"","adv-header-id-meta":"","stick-header-meta":"","header-above-stick-meta":"","header-main-stick-meta":"","header-below-stick-meta":"","astra-migrate-meta-layouts":"","footnotes":""},"class_list":["post-333","page","type-page","status-publish","hentry"],"yoast_head":"<!-- This site is optimized with the Yoast SEO plugin v22.2 - https:\/\/yoast.com\/wordpress\/plugins\/seo\/ -->\n<title>MedControl: Mi Control M\u00e9dico<\/title>\n<meta name=\"description\" content=\"\u00bfQuieres mantener tu salud bajo control? Registra tu glucosa, tensi\u00f3n arterial, s\u00edntomas, peso, crea recordatorios y m\u00e1s.\" \/>\n<meta name=\"robots\" content=\"index, nofollow, max-snippet:-1, max-image-preview:large, max-video-preview:-1\" \/>\n<link rel=\"canonical\" href=\"https:\/\/medcontrol.es\/en\/remove-user-data\/\" \/>\n<meta property=\"og:locale\" content=\"en_US\" \/>\n<meta property=\"og:type\" content=\"article\" \/>\n<meta property=\"og:title\" content=\"MedControl: Mi Control M\u00e9dico\" \/>\n<meta property=\"og:description\" content=\"\u00bfQuieres mantener tu salud bajo control? Registra tu glucosa, tensi\u00f3n arterial, s\u00edntomas, peso, crea recordatorios y m\u00e1s.\" \/>\n<meta property=\"og:url\" content=\"https:\/\/medcontrol.es\/en\/remove-user-data\/\" \/>\n<meta property=\"og:site_name\" content=\"MedControl: Mi Control M\u00e9dico\" \/>\n<meta property=\"article:publisher\" content=\"https:\/\/www.facebook.com\/appmedcontrol\" \/>\n<meta property=\"article:modified_time\" content=\"2023-12-03T15:26:15+00:00\" \/>\n<meta property=\"og:image\" content=\"https:\/\/medcontrol.es\/wp-content\/uploads\/2023\/10\/cropped-ic_launcher.png\" \/>\n\t<meta property=\"og:image:width\" content=\"512\" \/>\n\t<meta property=\"og:image:height\" content=\"512\" \/>\n\t<meta property=\"og:image:type\" content=\"image\/png\" \/>\n<meta name=\"twitter:card\" content=\"summary_large_image\" \/>\n<script type=\"application\/ld+json\" class=\"yoast-schema-graph\">{\"@context\":\"https:\/\/schema.org\",\"@graph\":[{\"@type\":\"WebPage\",\"@id\":\"https:\/\/medcontrol.es\/remove-user-data\/\",\"url\":\"https:\/\/medcontrol.es\/remove-user-data\/\",\"name\":\"MedControl: Mi Control M\u00e9dico\",\"isPartOf\":{\"@id\":\"https:\/\/medcontrol.es\/#website\"},\"datePublished\":\"2023-12-01T08:05:11+00:00\",\"dateModified\":\"2023-12-03T15:26:15+00:00\",\"description\":\"\u00bfQuieres mantener tu salud bajo control? Registra tu glucosa, tensi\u00f3n arterial, s\u00edntomas, peso, crea recordatorios y m\u00e1s.\",\"breadcrumb\":{\"@id\":\"https:\/\/medcontrol.es\/remove-user-data\/#breadcrumb\"},\"inLanguage\":\"en-US\",\"potentialAction\":[{\"@type\":\"ReadAction\",\"target\":[\"https:\/\/medcontrol.es\/remove-user-data\/\"]}]},{\"@type\":\"BreadcrumbList\",\"@id\":\"https:\/\/medcontrol.es\/remove-user-data\/#breadcrumb\",\"itemListElement\":[{\"@type\":\"ListItem\",\"position\":1,\"name\":\"Home\",\"item\":\"https:\/\/medcontrol.es\/\"},{\"@type\":\"ListItem\",\"position\":2,\"name\":\"Solicitud para la eliminaci\u00f3n de datos\"}]},{\"@type\":\"WebSite\",\"@id\":\"https:\/\/medcontrol.es\/#website\",\"url\":\"https:\/\/medcontrol.es\/\",\"name\":\"MedControl: Mi Control M\u00e9dico\",\"description\":\"Crea recordatorios de medicamentos, controla tus constantes,  signos vitales, y comparte los informes con tu m\u00e9dico de cabecera.\",\"publisher\":{\"@id\":\"https:\/\/medcontrol.es\/#organization\"},\"alternateName\":\"MedControl: My Medical Control\",\"potentialAction\":[{\"@type\":\"SearchAction\",\"target\":{\"@type\":\"EntryPoint\",\"urlTemplate\":\"https:\/\/medcontrol.es\/?s={search_term_string}\"},\"query-input\":\"required name=search_term_string\"}],\"inLanguage\":\"en-US\"},{\"@type\":\"Organization\",\"@id\":\"https:\/\/medcontrol.es\/#organization\",\"name\":\"MedControl: Mi Control M\u00e9dico\",\"alternateName\":\"MedControl\",\"url\":\"https:\/\/medcontrol.es\/\",\"logo\":{\"@type\":\"ImageObject\",\"inLanguage\":\"en-US\",\"@id\":\"https:\/\/medcontrol.es\/#\/schema\/logo\/image\/\",\"url\":\"https:\/\/medcontrol.es\/wp-content\/uploads\/2023\/10\/cropped-ic_launcher.png\",\"contentUrl\":\"https:\/\/medcontrol.es\/wp-content\/uploads\/2023\/10\/cropped-ic_launcher.png\",\"width\":512,\"height\":512,\"caption\":\"MedControl: Mi Control M\u00e9dico\"},\"image\":{\"@id\":\"https:\/\/medcontrol.es\/#\/schema\/logo\/image\/\"},\"sameAs\":[\"https:\/\/www.facebook.com\/appmedcontrol\",\"https:\/\/instagram.com\/medcontrolapp?igshid=MzMyNGUyNmU2YQ==\"]}]}<\/script>\n<!-- \/ Yoast SEO plugin. -->","yoast_head_json":{"title":"MedControl: Mi Control M\u00e9dico","description":"\u00bfQuieres mantener tu salud bajo control? Registra tu glucosa, tensi\u00f3n arterial, s\u00edntomas, peso, crea recordatorios y m\u00e1s.","robots":{"index":"index","follow":"nofollow","max-snippet":"max-snippet:-1","max-image-preview":"max-image-preview:large","max-video-preview":"max-video-preview:-1"},"canonical":"https:\/\/medcontrol.es\/en\/remove-user-data\/","og_locale":"en_US","og_type":"article","og_title":"MedControl: Mi Control M\u00e9dico","og_description":"\u00bfQuieres mantener tu salud bajo control? Registra tu glucosa, tensi\u00f3n arterial, s\u00edntomas, peso, crea recordatorios y m\u00e1s.","og_url":"https:\/\/medcontrol.es\/en\/remove-user-data\/","og_site_name":"MedControl: Mi Control M\u00e9dico","article_publisher":"https:\/\/www.facebook.com\/appmedcontrol","article_modified_time":"2023-12-03T15:26:15+00:00","og_image":[{"width":512,"height":512,"url":"https:\/\/medcontrol.es\/wp-content\/uploads\/2023\/10\/cropped-ic_launcher.png","type":"image\/png"}],"twitter_card":"summary_large_image","schema":{"@context":"https:\/\/schema.org","@graph":[{"@type":"WebPage","@id":"https:\/\/medcontrol.es\/remove-user-data\/","url":"https:\/\/medcontrol.es\/remove-user-data\/","name":"MedControl: Mi Control M\u00e9dico","isPartOf":{"@id":"https:\/\/medcontrol.es\/#website"},"datePublished":"2023-12-01T08:05:11+00:00","dateModified":"2023-12-03T15:26:15+00:00","description":"\u00bfQuieres mantener tu salud bajo control? Registra tu glucosa, tensi\u00f3n arterial, s\u00edntomas, peso, crea recordatorios y m\u00e1s.","breadcrumb":{"@id":"https:\/\/medcontrol.es\/remove-user-data\/#breadcrumb"},"inLanguage":"en-US","potentialAction":[{"@type":"ReadAction","target":["https:\/\/medcontrol.es\/remove-user-data\/"]}]},{"@type":"BreadcrumbList","@id":"https:\/\/medcontrol.es\/remove-user-data\/#breadcrumb","itemListElement":[{"@type":"ListItem","position":1,"name":"Home","item":"https:\/\/medcontrol.es\/"},{"@type":"ListItem","position":2,"name":"Solicitud para la eliminaci\u00f3n de datos"}]},{"@type":"WebSite","@id":"https:\/\/medcontrol.es\/#website","url":"https:\/\/medcontrol.es\/","name":"MedControl: Mi Control M\u00e9dico","description":"Crea recordatorios de medicamentos, controla tus constantes,  signos vitales, y comparte los informes con tu m\u00e9dico de cabecera.","publisher":{"@id":"https:\/\/medcontrol.es\/#organization"},"alternateName":"MedControl: My Medical Control","potentialAction":[{"@type":"SearchAction","target":{"@type":"EntryPoint","urlTemplate":"https:\/\/medcontrol.es\/?s={search_term_string}"},"query-input":"required name=search_term_string"}],"inLanguage":"en-US"},{"@type":"Organization","@id":"https:\/\/medcontrol.es\/#organization","name":"MedControl: Mi Control M\u00e9dico","alternateName":"MedControl","url":"https:\/\/medcontrol.es\/","logo":{"@type":"ImageObject","inLanguage":"en-US","@id":"https:\/\/medcontrol.es\/#\/schema\/logo\/image\/","url":"https:\/\/medcontrol.es\/wp-content\/uploads\/2023\/10\/cropped-ic_launcher.png","contentUrl":"https:\/\/medcontrol.es\/wp-content\/uploads\/2023\/10\/cropped-ic_launcher.png","width":512,"height":512,"caption":"MedControl: Mi Control M\u00e9dico"},"image":{"@id":"https:\/\/medcontrol.es\/#\/schema\/logo\/image\/"},"sameAs":["https:\/\/www.facebook.com\/appmedcontrol","https:\/\/instagram.com\/medcontrolapp?igshid=MzMyNGUyNmU2YQ=="]}]}},"_links":{"self":[{"href":"https:\/\/medcontrol.es\/en\/wp-json\/wp\/v2\/pages\/333","targetHints":{"allow":["GET"]}}],"collection":[{"href":"https:\/\/medcontrol.es\/en\/wp-json\/wp\/v2\/pages"}],"about":[{"href":"https:\/\/medcontrol.es\/en\/wp-json\/wp\/v2\/types\/page"}],"author":[{"embeddable":true,"href":"https:\/\/medcontrol.es\/en\/wp-json\/wp\/v2\/users\/1"}],"replies":[{"embeddable":true,"href":"https:\/\/medcontrol.es\/en\/wp-json\/wp\/v2\/comments?post=333"}],"version-history":[{"count":5,"href":"https:\/\/medcontrol.es\/en\/wp-json\/wp\/v2\/pages\/333\/revisions"}],"predecessor-version":[{"id":388,"href":"https:\/\/medcontrol.es\/en\/wp-json\/wp\/v2\/pages\/333\/revisions\/388"}],"wp:attachment":[{"href":"https:\/\/medcontrol.es\/en\/wp-json\/wp\/v2\/media?parent=333"}],"curies":[{"name":"wp","href":"https:\/\/api.w.org\/{rel}","templated":true}]}}